{"id":1626,"date":"2026-01-06T15:01:18","date_gmt":"2026-01-06T14:01:18","guid":{"rendered":"https:\/\/www.next-2m.de\/de\/?page_id=1626"},"modified":"2026-01-15T11:34:48","modified_gmt":"2026-01-15T10:34:48","slug":"impressum","status":"publish","type":"page","link":"https:\/\/www.next-2m.de\/de\/impressum\/","title":{"rendered":"Impressum"},"content":{"rendered":"[vc_section type=&#8220;full_width_content&#8220; text_color=&#8220;dark&#8220; video_bg=&#8220;use_video&#8220; video_mp4=&#8220;https:\/\/www.next-2m.de\/de\/wp-content\/uploads\/2026\/01\/impressum-banner.mp4&#8243; background_video_loading=&#8220;default&#8220; advanced_gradient=&#8220;linear-gradient(90deg, rgb(238,91,0) 8%, rgb(250,113,1) 91%)&#8220; advanced_gradient_angle=&#8220;90&#8243; advanced_gradient_opacity=&#8220;0&#8243; advanced_gradient_opacity_hover=&#8220;0&#8243; row_border_radius=&#8220;none&#8220; row_border_radius_applies=&#8220;bg&#8220; content_layout=&#8220;default&#8220; advanced_gradient_display_type=&#8220;linear&#8220; height_desktop=&#8220;500px&#8220;][vc_row type=&#8220;in_container&#8220; full_screen_row_position=&#8220;middle&#8220; column_margin=&#8220;default&#8220; column_direction=&#8220;default&#8220; column_direction_tablet=&#8220;default&#8220; column_direction_phone=&#8220;default&#8220; scene_position=&#8220;center&#8220; text_color=&#8220;dark&#8220; text_align=&#8220;left&#8220; row_border_radius=&#8220;none&#8220; row_border_radius_applies=&#8220;bg&#8220; row_position_desktop=&#8220;default&#8220; row_position_tablet=&#8220;inherit&#8220; row_position_phone=&#8220;inherit&#8220; overflow=&#8220;visible&#8220; overlay_strength=&#8220;0.3&#8243; gradient_direction=&#8220;left_to_right&#8220; shape_divider_position=&#8220;bottom&#8220; bg_image_animation=&#8220;none&#8220;][vc_column column_padding=&#8220;no-extra-padding&#8220; column_padding_tablet=&#8220;inherit&#8220; column_padding_phone=&#8220;inherit&#8220; column_padding_position=&#8220;all&#8220; flex_gap_desktop=&#8220;10px&#8220; column_element_direction_desktop=&#8220;default&#8220; column_element_spacing=&#8220;default&#8220; desktop_text_alignment=&#8220;default&#8220; tablet_text_alignment=&#8220;default&#8220; phone_text_alignment=&#8220;default&#8220; background_color_opacity=&#8220;1&#8243; background_hover_color_opacity=&#8220;1&#8243; column_backdrop_filter=&#8220;none&#8220; column_shadow=&#8220;none&#8220; column_border_radius=&#8220;none&#8220; column_link_target=&#8220;_self&#8220; column_position=&#8220;default&#8220; gradient_direction=&#8220;left_to_right&#8220; overlay_strength=&#8220;0.3&#8243; width=&#8220;1\/1&#8243; tablet_width_inherit=&#8220;default&#8220; animation_type=&#8220;default&#8220; bg_image_animation=&#8220;none&#8220; border_type=&#8220;simple&#8220; column_border_width=&#8220;none&#8220; column_border_style=&#8220;solid&#8220;][\/vc_column][\/vc_row][\/vc_section][vc_section type=&#8220;in_container&#8220; text_color=&#8220;dark&#8220; top_padding=&#8220;5%&#8220; constrain_group_1=&#8220;yes&#8220; bottom_padding=&#8220;5%&#8220; row_border_radius=&#8220;none&#8220; row_border_radius_applies=&#8220;bg&#8220; content_layout=&#8220;default&#8220; advanced_gradient_display_type=&#8220;linear&#8220;][vc_row type=&#8220;in_container&#8220; full_screen_row_position=&#8220;middle&#8220; column_margin=&#8220;default&#8220; column_direction=&#8220;default&#8220; column_direction_tablet=&#8220;default&#8220; column_direction_phone=&#8220;default&#8220; scene_position=&#8220;center&#8220; text_color=&#8220;dark&#8220; text_align=&#8220;left&#8220; row_border_radius=&#8220;none&#8220; row_border_radius_applies=&#8220;bg&#8220; row_position_desktop=&#8220;default&#8220; row_position_tablet=&#8220;inherit&#8220; row_position_phone=&#8220;inherit&#8220; overflow=&#8220;visible&#8220; overlay_strength=&#8220;0.3&#8243; gradient_direction=&#8220;left_to_right&#8220; shape_divider_position=&#8220;bottom&#8220; bg_image_animation=&#8220;none&#8220;][vc_column column_padding=&#8220;no-extra-padding&#8220; column_padding_tablet=&#8220;inherit&#8220; column_padding_phone=&#8220;inherit&#8220; column_padding_position=&#8220;all&#8220; flex_gap_desktop=&#8220;10px&#8220; column_element_direction_desktop=&#8220;default&#8220; column_element_spacing=&#8220;default&#8220; desktop_text_alignment=&#8220;default&#8220; tablet_text_alignment=&#8220;default&#8220; phone_text_alignment=&#8220;default&#8220; background_color_opacity=&#8220;1&#8243; background_hover_color_opacity=&#8220;1&#8243; column_backdrop_filter=&#8220;none&#8220; column_shadow=&#8220;none&#8220; column_border_radius=&#8220;none&#8220; column_link_target=&#8220;_self&#8220; column_position=&#8220;default&#8220; gradient_direction=&#8220;left_to_right&#8220; overlay_strength=&#8220;0.3&#8243; width=&#8220;1\/2&#8243; tablet_width_inherit=&#8220;default&#8220; animation_type=&#8220;default&#8220; bg_image_animation=&#8220;none&#8220; border_type=&#8220;simple&#8220; column_border_width=&#8220;none&#8220; column_border_style=&#8220;solid&#8220;][vc_column_text css=&#8220;&#8220; text_direction=&#8220;default&#8220;]<strong>NEXT 2M GmbH<\/strong><br \/>\nS\u00fcdliche Ringstra\u00dfe 66<br \/>\n85053 Ingolstadt<\/p>\n<p><strong>Vertreten durch:<\/strong><br \/>\nMaik Degenhart<\/p>\n<p>Handelsregister: HRB 10866<br \/>\nRegistergericht: Amtsgericht Ingolstadt<\/p>\n<h3>Aufsichtsbeh\u00f6rde<\/h3>\n<p>Bundesagentur f\u00fcr Arbeit, Regionaldirektion N\u00fcrnberg<br \/>\nRichard-Wagner-Platz 5, 90443 N\u00fcrnberg<br \/>\nTel.: 0800 4555500<\/p>\n<h3>Kontakt<\/h3>\n<p>Telefon: +49 151 26 50 50 13<br \/>\nE-Mail: <a href=\"mailto:info@next-2m.de\">info@next-2m.de<\/a><\/p>\n<h3>Umsatzsteuer-ID<\/h3>\n<p>Umsatzsteuer-Identifikationsnummer gem\u00e4\u00df \u00a7 27 a Umsatzsteuergesetz:<br \/>\nDE 283216553<\/p>\n<h3>EU-Streitschlichtung<\/h3>\n<p>Die Europ\u00e4ische Kommission stellt eine Plattform zur Online-Streitbeilegung (OS) bereit: <a href=\"https:\/\/web.archive.org\/web\/20250805021116\/https:\/\/ec.europa.eu\/consumers\/odr\/\" target=\"_blank\" rel=\"noopener noreferrer\">https:\/\/ec.europa.eu\/consumers\/odr\/<\/a>.<br \/>\nUnsere E-Mail-Adresse finden Sie oben im Impressum.<\/p>\n<h3>Verbraucher\u00adstreit\u00adbeilegung\/Universal\u00adschlichtungs\u00adstelle<\/h3>\n<p>Wir sind nicht bereit oder verpflichtet, an Streitbeilegungsverfahren vor einer Verbraucherschlichtungsstelle teilzunehmen.<\/p>\n<p><strong>URHEBERRECHTE<\/strong><\/p>\n<p>Alle Rechte sind der Gesellschaft vorbehalten. Nachdruck oder Vervielf\u00e4ltigung der redaktionellen Texte einschlie\u00dflich Speicherung und Nutzung auf jeglichen Datentr\u00e4gern sind\u00a0 nur mit schriftlicher Zustimmung des Betreibers\u00a0erlaubt. Die ganze oder teilweise Verwertung von Inhalten durch unberechtigte jeglicher Art ist untersagt.<\/p>\n<p>Quelle: <a href=\"https:\/\/web.archive.org\/web\/20250805021116\/https:\/\/www.e-recht24.de\/\">https:\/\/www.e-recht24.de<\/a>[\/vc_column_text][\/vc_column][vc_column column_padding=&#8220;no-extra-padding&#8220; column_padding_tablet=&#8220;inherit&#8220; column_padding_phone=&#8220;inherit&#8220; column_padding_position=&#8220;all&#8220; flex_gap_desktop=&#8220;10px&#8220; column_element_direction_desktop=&#8220;default&#8220; column_element_spacing=&#8220;default&#8220; desktop_text_alignment=&#8220;default&#8220; tablet_text_alignment=&#8220;default&#8220; phone_text_alignment=&#8220;default&#8220; background_color_opacity=&#8220;1&#8243; background_hover_color_opacity=&#8220;1&#8243; column_backdrop_filter=&#8220;none&#8220; column_shadow=&#8220;none&#8220; column_border_radius=&#8220;none&#8220; column_link_target=&#8220;_self&#8220; column_position=&#8220;default&#8220; gradient_direction=&#8220;left_to_right&#8220; overlay_strength=&#8220;0.3&#8243; width=&#8220;1\/2&#8243; tablet_width_inherit=&#8220;default&#8220; animation_type=&#8220;default&#8220; bg_image_animation=&#8220;none&#8220; border_type=&#8220;simple&#8220; column_border_width=&#8220;none&#8220; column_border_style=&#8220;solid&#8220;][vc_column_text css=&#8220;&#8220; text_direction=&#8220;default&#8220;]<strong>Design, Konzeption und technische Realisation<\/strong><\/p>\n<p><strong><img loading=\"lazy\" decoding=\"async\" class=\"alignnone size-full wp-image-1627\" src=\"https:\/\/www.next-2m.de\/de\/wp-content\/uploads\/2026\/01\/domeniceau.jpg\" alt=\"\" width=\"200\" height=\"50\" \/><\/strong><\/p>\n<p><strong>DOMENICEAU | Classic. Digital. Live.<\/strong><br \/>\nTelefon: + 49 (0) 241 \/ 4 45 27 70<br \/>\nInternet:\u00a0<a href=\"http:\/\/www.domeniceau.de\/\">Webdesign und Werbeagentur Aachen<\/a>[\/vc_column_text][\/vc_column][\/vc_row][\/vc_section]\n","protected":false},"excerpt":{"rendered":"<p>[vc_section type=&#8220;full_width_content&#8220; text_color=&#8220;dark&#8220; video_bg=&#8220;use_video&#8220; video_mp4=&#8220;https:\/\/www.next-2m.de\/de\/wp-content\/uploads\/2026\/01\/impressum-banner.mp4&#8243; background_video_loading=&#8220;default&#8220; advanced_gradient=&#8220;linear-gradient(90deg, rgb(238,91,0) 8%, rgb(250,113,1) 91%)&#8220; advanced_gradient_angle=&#8220;90&#8243; advanced_gradient_opacity=&#8220;0&#8243; advanced_gradient_opacity_hover=&#8220;0&#8243; row_border_radius=&#8220;none&#8220; row_border_radius_applies=&#8220;bg&#8220; content_layout=&#8220;default&#8220; advanced_gradient_display_type=&#8220;linear&#8220; height_desktop=&#8220;500px&#8220;][vc_row type=&#8220;in_container&#8220; full_screen_row_position=&#8220;middle&#8220; column_margin=&#8220;default&#8220; column_direction=&#8220;default&#8220; column_direction_tablet=&#8220;default&#8220; column_direction_phone=&#8220;default&#8220; scene_position=&#8220;center&#8220; text_color=&#8220;dark&#8220; text_align=&#8220;left&#8220; row_border_radius=&#8220;none&#8220; row_border_radius_applies=&#8220;bg&#8220;&#8230;<\/p>\n","protected":false},"author":1,"featured_media":0,"parent":0,"menu_order":0,"comment_status":"closed","ping_status":"closed","template":"","meta":{"footnotes":""},"class_list":["post-1626","page","type-page","status-publish"],"_links":{"self":[{"href":"https:\/\/www.next-2m.de\/de\/wp-json\/wp\/v2\/pages\/1626","targetHints":{"allow":["GET"]}}],"collection":[{"href":"https:\/\/www.next-2m.de\/de\/wp-json\/wp\/v2\/pages"}],"about":[{"href":"https:\/\/www.next-2m.de\/de\/wp-json\/wp\/v2\/types\/page"}],"author":[{"embeddable":true,"href":"https:\/\/www.next-2m.de\/de\/wp-json\/wp\/v2\/users\/1"}],"replies":[{"embeddable":true,"href":"https:\/\/www.next-2m.de\/de\/wp-json\/wp\/v2\/comments?post=1626"}],"version-history":[{"count":6,"href":"https:\/\/www.next-2m.de\/de\/wp-json\/wp\/v2\/pages\/1626\/revisions"}],"predecessor-version":[{"id":1994,"href":"https:\/\/www.next-2m.de\/de\/wp-json\/wp\/v2\/pages\/1626\/revisions\/1994"}],"wp:attachment":[{"href":"https:\/\/www.next-2m.de\/de\/wp-json\/wp\/v2\/media?parent=1626"}],"curies":[{"name":"wp","href":"https:\/\/api.w.org\/{rel}","templated":true}]}}